{"id":351,"date":"2023-05-04T23:05:19","date_gmt":"2023-05-04T21:05:19","guid":{"rendered":"https:\/\/mixwaves.de\/?page_id=351"},"modified":"2024-04-29T08:00:56","modified_gmt":"2024-04-29T06:00:56","slug":"impressum","status":"publish","type":"page","link":"https:\/\/mixwaves.de\/de\/impressum\/","title":{"rendered":"IMPRESSUM"},"content":{"rendered":"<div data-elementor-type=\"wp-page\" data-elementor-id=\"351\" class=\"elementor elementor-351\" data-elementor-post-type=\"page\">\n\t\t\t\t\t\t<section class=\"elementor-section elementor-top-section elementor-element elementor-element-c7192dc elementor-section-boxed elementor-section-height-default elementor-section-height-default\" data-id=\"c7192dc\" data-element_type=\"section\" data-e-type=\"section\" data-settings=\"{&quot;background_background&quot;:&quot;classic&quot;}\">\n\t\t\t\t\t\t<div class=\"elementor-container elementor-column-gap-default\">\n\t\t\t\t\t<div class=\"elementor-column elementor-col-100 elementor-top-column elementor-element elementor-element-0786505\" data-id=\"0786505\" data-element_type=\"column\" data-e-type=\"column\">\n\t\t\t<div class=\"elementor-widget-wrap elementor-element-populated\">\n\t\t\t\t\t\t<div class=\"elementor-element elementor-element-c743822 elementor-widget elementor-widget-heading\" data-id=\"c743822\" data-element_type=\"widget\" data-e-type=\"widget\" data-widget_type=\"heading.default\">\n\t\t\t\t<div class=\"elementor-widget-container\">\n\t\t\t\t\t<h2 class=\"elementor-heading-title elementor-size-default\">Impressum<\/h2>\t\t\t\t<\/div>\n\t\t\t\t<\/div>\n\t\t\t\t<div class=\"elementor-element elementor-element-b7ae051 e-transform elementor-widget elementor-widget-image\" data-id=\"b7ae051\" data-element_type=\"widget\" data-e-type=\"widget\" data-settings=\"{&quot;_transform_rotateZ_effect&quot;:{&quot;unit&quot;:&quot;px&quot;,&quot;size&quot;:0,&quot;sizes&quot;:[]},&quot;_transform_rotateZ_effect_tablet&quot;:{&quot;unit&quot;:&quot;deg&quot;,&quot;size&quot;:&quot;&quot;,&quot;sizes&quot;:[]},&quot;_transform_rotateZ_effect_mobile&quot;:{&quot;unit&quot;:&quot;deg&quot;,&quot;size&quot;:&quot;&quot;,&quot;sizes&quot;:[]}}\" data-widget_type=\"image.default\">\n\t\t\t\t<div class=\"elementor-widget-container\">\n\t\t\t\t\t\t\t\t\t\t\t\t\t\t\t\t<a href=\"https:\/\/mixwaves.de\/de\/\">\n\t\t\t\t\t\t\t<img decoding=\"async\" width=\"150\" height=\"150\" src=\"https:\/\/mixwaves.de\/wp-content\/uploads\/2023\/04\/Logo_transparent2-150x150.png\" class=\"attachment-thumbnail size-thumbnail wp-image-571\" alt=\"Mix Waves Impressum Logo\" srcset=\"https:\/\/mixwaves.de\/wp-content\/uploads\/2023\/04\/Logo_transparent2-150x150.png 150w, https:\/\/mixwaves.de\/wp-content\/uploads\/2023\/04\/Logo_transparent2.png 256w\" sizes=\"(max-width: 150px) 100vw, 150px\" \/>\t\t\t\t\t\t\t\t<\/a>\n\t\t\t\t\t\t\t\t\t\t\t\t\t\t\t<\/div>\n\t\t\t\t<\/div>\n\t\t\t\t<div class=\"elementor-element elementor-element-56caff2 elementor-widget elementor-widget-heading\" data-id=\"56caff2\" data-element_type=\"widget\" data-e-type=\"widget\" data-widget_type=\"heading.default\">\n\t\t\t\t<div class=\"elementor-widget-container\">\n\t\t\t\t\t<h3 class=\"elementor-heading-title elementor-size-large\"><a href=\"https:\/\/mixwaves.de\/de\/\">www.mixwaves.de<\/a><\/h3>\t\t\t\t<\/div>\n\t\t\t\t<\/div>\n\t\t\t\t<div class=\"elementor-element elementor-element-5ad2d74 elementor-widget elementor-widget-text-editor\" data-id=\"5ad2d74\" data-element_type=\"widget\" data-e-type=\"widget\" data-widget_type=\"text-editor.default\">\n\t\t\t\t<div class=\"elementor-widget-container\">\n\t\t\t\t\t\t\t\t\t<p><strong>Bj\u00f6rn Schulz<br><\/strong><strong style=\"color: var( --e-global-color-primary ); font-family: var( --e-global-typography-text-font-family ), Sans-serif; font-size: var( --e-global-typography-b2cc9dc-font-size ); letter-spacing: var( --e-global-typography-b2cc9dc-letter-spacing ); word-spacing: var( --e-global-typography-b2cc9dc-word-spacing ); background-color: var( --e-global-color-secondary );\">Marie-Juchacz-Stra\u00dfe 9, 40470 D\u00fcsseldorf ,&nbsp;<\/strong><strong style=\"color: var( --e-global-color-primary ); font-family: var( --e-global-typography-text-font-family ), Sans-serif; font-size: var( --e-global-typography-b2cc9dc-font-size ); letter-spacing: var( --e-global-typography-b2cc9dc-letter-spacing ); word-spacing: var( --e-global-typography-b2cc9dc-word-spacing ); background-color: var( --e-global-color-secondary );\">Deutschland<br><\/strong><strong style=\"color: var( --e-global-color-primary ); font-family: var( --e-global-typography-text-font-family ), Sans-serif; font-size: var( --e-global-typography-b2cc9dc-font-size ); letter-spacing: var( --e-global-typography-b2cc9dc-letter-spacing ); word-spacing: var( --e-global-typography-b2cc9dc-word-spacing ); background-color: var( --e-global-color-secondary );\">Mobil:&nbsp;+49 162 \/ 39 45 814 \/&nbsp;E-Mail:&nbsp;info@mixwaves.de<\/strong><\/p>\t\t\t\t\t\t\t\t<\/div>\n\t\t\t\t<\/div>\n\t\t\t\t\t<\/div>\n\t\t<\/div>\n\t\t\t\t\t<\/div>\n\t\t<\/section>\n\t\t\t\t<\/div>","protected":false},"excerpt":{"rendered":"<p>Impressum www.mixwaves.de Bj\u00f6rn SchulzMarie-Juchacz-Stra\u00dfe 9, 40470 D\u00fcsseldorf ,&nbsp;DeutschlandMobil:&nbsp;+49 162 \/ 39 45 814 \/&nbsp;E-Mail:&nbsp;info@mixwaves.de<\/p>","protected":false},"author":1,"featured_media":0,"parent":0,"menu_order":0,"comment_status":"closed","ping_status":"closed","template":"elementor_canvas","meta":{"footnotes":""},"class_list":["post-351","page","type-page","status-publish","hentry"],"yoast_head":"<!-- This site is optimized with the Yoast SEO plugin v27.4 - https:\/\/yoast.com\/product\/yoast-seo-wordpress\/ -->\n<title>Impressum<\/title>\n<meta name=\"description\" content=\"Mix Waves Impressum (Rechtlich vorgeschriebenen Angaben zu Verantwortlichen und Kontaktm\u00f6glichkeiten inkludiert)\" \/>\n<meta name=\"robots\" content=\"index, follow, max-snippet:-1, max-image-preview:large, max-video-preview:-1\" \/>\n<link rel=\"canonical\" href=\"https:\/\/mixwaves.de\/de\/impressum\/\" \/>\n<meta property=\"og:locale\" content=\"de_DE\" \/>\n<meta property=\"og:type\" content=\"article\" \/>\n<meta property=\"og:title\" content=\"Impressum\" \/>\n<meta property=\"og:description\" content=\"Mix Waves Impressum (Rechtlich vorgeschriebenen Angaben zu Verantwortlichen und Kontaktm\u00f6glichkeiten inkludiert)\" \/>\n<meta property=\"og:url\" content=\"https:\/\/mixwaves.de\/de\/impressum\/\" \/>\n<meta property=\"og:site_name\" content=\"Mix Waves\" \/>\n<meta property=\"article:publisher\" content=\"https:\/\/www.facebook.com\/profile.php?id=100092707752283\" \/>\n<meta property=\"article:modified_time\" content=\"2024-04-29T06:00:56+00:00\" \/>\n<meta property=\"og:image\" content=\"https:\/\/mixwaves.de\/wp-content\/uploads\/2023\/04\/Logo_transparent2-150x150.png\" \/>\n<meta name=\"twitter:card\" content=\"summary_large_image\" \/>\n<meta name=\"twitter:site\" content=\"@schulz_info\" \/>\n<meta name=\"twitter:label1\" content=\"Gesch\u00e4tzte Lesezeit\" \/>\n\t<meta name=\"twitter:data1\" content=\"1\u00a0Minute\" \/>\n<script type=\"application\/ld+json\" class=\"yoast-schema-graph\">{\"@context\":\"https:\\\/\\\/schema.org\",\"@graph\":[{\"@type\":\"WebPage\",\"@id\":\"https:\\\/\\\/mixwaves.de\\\/impressum\\\/\",\"url\":\"https:\\\/\\\/mixwaves.de\\\/impressum\\\/\",\"name\":\"Impressum\",\"isPartOf\":{\"@id\":\"https:\\\/\\\/mixwaves.de\\\/#website\"},\"primaryImageOfPage\":{\"@id\":\"https:\\\/\\\/mixwaves.de\\\/impressum\\\/#primaryimage\"},\"image\":{\"@id\":\"https:\\\/\\\/mixwaves.de\\\/impressum\\\/#primaryimage\"},\"thumbnailUrl\":\"https:\\\/\\\/mixwaves.de\\\/wp-content\\\/uploads\\\/2023\\\/04\\\/Logo_transparent2-150x150.png\",\"datePublished\":\"2023-05-04T21:05:19+00:00\",\"dateModified\":\"2024-04-29T06:00:56+00:00\",\"description\":\"Mix Waves Impressum (Rechtlich vorgeschriebenen Angaben zu Verantwortlichen und Kontaktm\u00f6glichkeiten inkludiert)\",\"breadcrumb\":{\"@id\":\"https:\\\/\\\/mixwaves.de\\\/impressum\\\/#breadcrumb\"},\"inLanguage\":\"de\",\"potentialAction\":[{\"@type\":\"ReadAction\",\"target\":[\"https:\\\/\\\/mixwaves.de\\\/impressum\\\/\"]}]},{\"@type\":\"ImageObject\",\"inLanguage\":\"de\",\"@id\":\"https:\\\/\\\/mixwaves.de\\\/impressum\\\/#primaryimage\",\"url\":\"https:\\\/\\\/mixwaves.de\\\/wp-content\\\/uploads\\\/2023\\\/04\\\/Logo_transparent2-150x150.png\",\"contentUrl\":\"https:\\\/\\\/mixwaves.de\\\/wp-content\\\/uploads\\\/2023\\\/04\\\/Logo_transparent2-150x150.png\"},{\"@type\":\"BreadcrumbList\",\"@id\":\"https:\\\/\\\/mixwaves.de\\\/impressum\\\/#breadcrumb\",\"itemListElement\":[{\"@type\":\"ListItem\",\"position\":1,\"name\":\"Home\",\"item\":\"https:\\\/\\\/mixwaves.de\\\/\"},{\"@type\":\"ListItem\",\"position\":2,\"name\":\"IMPRESSUM\"}]},{\"@type\":\"WebSite\",\"@id\":\"https:\\\/\\\/mixwaves.de\\\/#website\",\"url\":\"https:\\\/\\\/mixwaves.de\\\/\",\"name\":\"Mix Waves\",\"description\":\"Where Sound Meets Perfection!\",\"publisher\":{\"@id\":\"https:\\\/\\\/mixwaves.de\\\/#organization\"},\"potentialAction\":[{\"@type\":\"SearchAction\",\"target\":{\"@type\":\"EntryPoint\",\"urlTemplate\":\"https:\\\/\\\/mixwaves.de\\\/?s={search_term_string}\"},\"query-input\":{\"@type\":\"PropertyValueSpecification\",\"valueRequired\":true,\"valueName\":\"search_term_string\"}}],\"inLanguage\":\"de\"},{\"@type\":\"Organization\",\"@id\":\"https:\\\/\\\/mixwaves.de\\\/#organization\",\"name\":\"Mix Waves\",\"url\":\"https:\\\/\\\/mixwaves.de\\\/\",\"logo\":{\"@type\":\"ImageObject\",\"inLanguage\":\"de\",\"@id\":\"https:\\\/\\\/mixwaves.de\\\/#\\\/schema\\\/logo\\\/image\\\/\",\"url\":\"https:\\\/\\\/mixwaves.de\\\/wp-content\\\/uploads\\\/3.png\",\"contentUrl\":\"https:\\\/\\\/mixwaves.de\\\/wp-content\\\/uploads\\\/3.png\",\"width\":500,\"height\":500,\"caption\":\"Mix Waves\"},\"image\":{\"@id\":\"https:\\\/\\\/mixwaves.de\\\/#\\\/schema\\\/logo\\\/image\\\/\"},\"sameAs\":[\"https:\\\/\\\/www.facebook.com\\\/profile.php?id=100092707752283\",\"https:\\\/\\\/x.com\\\/schulz_info\"]}]}<\/script>\n<!-- \/ Yoast SEO plugin. -->","yoast_head_json":{"title":"Impressum","description":"Mix Waves Impressum (Rechtlich vorgeschriebenen Angaben zu Verantwortlichen und Kontaktm\u00f6glichkeiten inkludiert)","robots":{"index":"index","follow":"follow","max-snippet":"max-snippet:-1","max-image-preview":"max-image-preview:large","max-video-preview":"max-video-preview:-1"},"canonical":"https:\/\/mixwaves.de\/de\/impressum\/","og_locale":"de_DE","og_type":"article","og_title":"Impressum","og_description":"Mix Waves Impressum (Rechtlich vorgeschriebenen Angaben zu Verantwortlichen und Kontaktm\u00f6glichkeiten inkludiert)","og_url":"https:\/\/mixwaves.de\/de\/impressum\/","og_site_name":"Mix Waves","article_publisher":"https:\/\/www.facebook.com\/profile.php?id=100092707752283","article_modified_time":"2024-04-29T06:00:56+00:00","og_image":[{"url":"https:\/\/mixwaves.de\/wp-content\/uploads\/2023\/04\/Logo_transparent2-150x150.png","type":"","width":"","height":""}],"twitter_card":"summary_large_image","twitter_site":"@schulz_info","twitter_misc":{"Gesch\u00e4tzte Lesezeit":"1\u00a0Minute"},"schema":{"@context":"https:\/\/schema.org","@graph":[{"@type":"WebPage","@id":"https:\/\/mixwaves.de\/impressum\/","url":"https:\/\/mixwaves.de\/impressum\/","name":"Impressum","isPartOf":{"@id":"https:\/\/mixwaves.de\/#website"},"primaryImageOfPage":{"@id":"https:\/\/mixwaves.de\/impressum\/#primaryimage"},"image":{"@id":"https:\/\/mixwaves.de\/impressum\/#primaryimage"},"thumbnailUrl":"https:\/\/mixwaves.de\/wp-content\/uploads\/2023\/04\/Logo_transparent2-150x150.png","datePublished":"2023-05-04T21:05:19+00:00","dateModified":"2024-04-29T06:00:56+00:00","description":"Mix Waves Impressum (Rechtlich vorgeschriebenen Angaben zu Verantwortlichen und Kontaktm\u00f6glichkeiten inkludiert)","breadcrumb":{"@id":"https:\/\/mixwaves.de\/impressum\/#breadcrumb"},"inLanguage":"de","potentialAction":[{"@type":"ReadAction","target":["https:\/\/mixwaves.de\/impressum\/"]}]},{"@type":"ImageObject","inLanguage":"de","@id":"https:\/\/mixwaves.de\/impressum\/#primaryimage","url":"https:\/\/mixwaves.de\/wp-content\/uploads\/2023\/04\/Logo_transparent2-150x150.png","contentUrl":"https:\/\/mixwaves.de\/wp-content\/uploads\/2023\/04\/Logo_transparent2-150x150.png"},{"@type":"BreadcrumbList","@id":"https:\/\/mixwaves.de\/impressum\/#breadcrumb","itemListElement":[{"@type":"ListItem","position":1,"name":"Home","item":"https:\/\/mixwaves.de\/"},{"@type":"ListItem","position":2,"name":"IMPRESSUM"}]},{"@type":"WebSite","@id":"https:\/\/mixwaves.de\/#website","url":"https:\/\/mixwaves.de\/","name":"Mix Waves","description":"Where Sound Meets Perfection!","publisher":{"@id":"https:\/\/mixwaves.de\/#organization"},"potentialAction":[{"@type":"SearchAction","target":{"@type":"EntryPoint","urlTemplate":"https:\/\/mixwaves.de\/?s={search_term_string}"},"query-input":{"@type":"PropertyValueSpecification","valueRequired":true,"valueName":"search_term_string"}}],"inLanguage":"de"},{"@type":"Organization","@id":"https:\/\/mixwaves.de\/#organization","name":"Mix Waves","url":"https:\/\/mixwaves.de\/","logo":{"@type":"ImageObject","inLanguage":"de","@id":"https:\/\/mixwaves.de\/#\/schema\/logo\/image\/","url":"https:\/\/mixwaves.de\/wp-content\/uploads\/3.png","contentUrl":"https:\/\/mixwaves.de\/wp-content\/uploads\/3.png","width":500,"height":500,"caption":"Mix Waves"},"image":{"@id":"https:\/\/mixwaves.de\/#\/schema\/logo\/image\/"},"sameAs":["https:\/\/www.facebook.com\/profile.php?id=100092707752283","https:\/\/x.com\/schulz_info"]}]}},"_links":{"self":[{"href":"https:\/\/mixwaves.de\/de\/wp-json\/wp\/v2\/pages\/351","targetHints":{"allow":["GET"]}}],"collection":[{"href":"https:\/\/mixwaves.de\/de\/wp-json\/wp\/v2\/pages"}],"about":[{"href":"https:\/\/mixwaves.de\/de\/wp-json\/wp\/v2\/types\/page"}],"author":[{"embeddable":true,"href":"https:\/\/mixwaves.de\/de\/wp-json\/wp\/v2\/users\/1"}],"replies":[{"embeddable":true,"href":"https:\/\/mixwaves.de\/de\/wp-json\/wp\/v2\/comments?post=351"}],"version-history":[{"count":42,"href":"https:\/\/mixwaves.de\/de\/wp-json\/wp\/v2\/pages\/351\/revisions"}],"predecessor-version":[{"id":3149,"href":"https:\/\/mixwaves.de\/de\/wp-json\/wp\/v2\/pages\/351\/revisions\/3149"}],"wp:attachment":[{"href":"https:\/\/mixwaves.de\/de\/wp-json\/wp\/v2\/media?parent=351"}],"curies":[{"name":"wp","href":"https:\/\/api.w.org\/{rel}","templated":true}]}}